{"id":470,"date":"2018-12-10T18:32:04","date_gmt":"2018-12-10T18:32:04","guid":{"rendered":"http:\/\/universalimpresora.com.mx\/?page_id=470"},"modified":"2026-02-17T15:21:04","modified_gmt":"2026-02-17T15:21:04","slug":"quienes-somos","status":"publish","type":"page","link":"http:\/\/universalimpresora.com.mx\/?page_id=470","title":{"rendered":"\u00bfQui\u00e9nes Somos?"},"content":{"rendered":"<p>[vc_row type=&#8221;vc_default&#8221; full_width=&#8221;stretch_row_content_no_spaces&#8221; css=&#8221;.vc_custom_1544476739181{margin-top: -80px !important;}&#8221;][vc_column width=&#8221;1\/3&#8243;][vc_single_image image=&#8221;483&#8243; img_size=&#8221;full&#8221; alignment=&#8221;center&#8221; onclick=&#8221;link_image&#8221;][\/vc_column][vc_column width=&#8221;1\/3&#8243;][vc_single_image image=&#8221;876&#8243; img_size=&#8221;full&#8221; alignment=&#8221;center&#8221; onclick=&#8221;link_image&#8221;][\/vc_column][vc_column width=&#8221;1\/3&#8243;][vc_single_image image=&#8221;884&#8243; img_size=&#8221;full&#8221; alignment=&#8221;center&#8221; onclick=&#8221;link_image&#8221;][\/vc_column][\/vc_row][vc_row type=&#8221;vc_default&#8221; full_width=&#8221;stretch_row&#8221; parallax=&#8221;content-moving&#8221;][vc_column][vc_column_text]<\/p>\n<h3 class=\"main-content-font\" style=\"text-align: left;\">LA UNIVERSAL IMPRESORA<\/h3>\n<p style=\"text-align: left;\">Fundada en 1931 nos dedicamos a la fabricaci\u00f3n de:<\/p>\n<p style=\"padding-left: 90px;\">-vasos y platos de papel desechables<\/p>\n<p style=\"padding-left: 90px;\">-empaques flexibles<\/p>\n<p style=\"padding-left: 90px;\">-etiquetas termoencogibles<\/p>\n<p style=\"padding-left: 90px;\">-etiquetas auto-adheribles en papel y pel\u00edcula pl\u00e1stica<\/p>\n<p style=\"padding-left: 90px;\">-papeles antigrasos y<\/p>\n<p style=\"padding-left: 90px;\">-tapas<\/p>\n<p style=\"text-align: left;\">A lo largo de los a\u00f1os, La Universal Impresora, se ha distinguido por su amplia gama y capacidad de personalizaci\u00f3n de productos, as\u00ed como su presencia en todo el pa\u00eds.<\/p>\n<h3 class=\"main-content-font\" style=\"text-align: left;\">MISI\u00d3N<\/h3>\n<p style=\"text-align: left;\">Nuestra Misi\u00f3n es darle un servicio de calidad que supere sus expectativas en el menor tiempo posible.<\/p>\n<h3 class=\"main-content-font\" style=\"text-align: left;\">CERTIFICACIONES<\/h3>\n<p style=\"text-align: left;\">Contamos con las certificaciones FSSC 22000 para el Sistema de Gesti\u00f3n de la Inocuidad, Global Markets, SMETA, ISO 9001 y FSC (<em class=\"eujQNb\" data-processed=\"true\"><span data-wiz-uids=\"m3P9fc_c\" data-processed=\"true\"><a class=\"GI370e\" href=\"https:\/\/www.google.com\/search?client=safari&amp;rls=en&amp;q=Forest+Stewardship+Council&amp;ie=UTF-8&amp;oe=UTF-8&amp;ved=2ahUKEwiZxPeU6OCSAxVtl-4BHXepKPMQgK4QegQIARAB\" data-ved=\"2ahUKEwiZxPeU6OCSAxVtl-4BHXepKPMQgK4QegQIARAB\" data-hveid=\"CAEQAQ\" data-processed=\"true\">Forest Stewardship Council<\/a> )<\/span><\/em>&nbsp;<\/p>\n<p style=\"text-align: left;\">&nbsp;AUDITOR\u00cdAS<\/p>\n<p style=\"text-align: left;\">Hemos sido auditados por compa\u00f1\u00edas como: KFC, Unilever, Bayer, Danone, Delphi, McDonalds, Reynolds, entre otras. Todas con excelentes resultados.<\/p>\n<h3 style=\"text-align: left;\">REQUERIMIENTOS LEGALES Y REGLAMENTARIOS<\/h3>\n<p>Algunas de las normas aplicables para las operaciones son:<\/p>\n<p>NOM-127-SSA1-1994 Salud ambiental, agua para uso y consumo humano-l\u00edmites permisibles de calidad y tratamientos a que debe someterse el agua para su potabilizaci\u00f3n.<\/p>\n<p>NOM-251-SSA1-2009 Pr\u00e1cticas de higiene para el proceso de alimentos, bebidas o suplementos alimenticios.[\/vc_column_text][\/vc_column][\/vc_row][vc_row type=&#8221;vc_default&#8221; full_width=&#8221;stretch_row_content_no_spaces&#8221;][vc_column][vc_single_image image=&#8221;489&#8243; img_size=&#8221;full&#8221; alignment=&#8221;center&#8221;][\/vc_column][\/vc_row][vc_row type=&#8221;vc_default&#8221; full_width=&#8221;stretch_row_content_no_spaces&#8221; css=&#8221;.vc_custom_1544480704079{background-position: center !important;background-repeat: no-repeat !important;background-size: cover !important;}&#8221;][vc_column]<style type=\"text\/css\" data-type=\"the7_shortcodes-inline-css\">.carousel-shortcode.carousel-shortcode-id-429dfa3b7f4223e4c8aee6b59560b5c9 .owl-nav a {\n  width: 36px;\n  height: 36px;\n  border-radius: 500px;\n}\n.dt-arrow-border-on.carousel-shortcode.carousel-shortcode-id-429dfa3b7f4223e4c8aee6b59560b5c9 .owl-nav a:not(:hover):before {\n  border-width: 0px;\n}\n.dt-arrow-hover-border-on.carousel-shortcode.carousel-shortcode-id-429dfa3b7f4223e4c8aee6b59560b5c9 .owl-nav a:hover:after {\n  border-width: 0px;\n}\n.carousel-shortcode.carousel-shortcode-id-429dfa3b7f4223e4c8aee6b59560b5c9 .owl-nav a.owl-prev {\n  top: 50%;\n  transform: translateY(calc(-50% + 0px));\n  left: -43px;\n}\n@media all and (-ms-high-contrast: none) {\n  .carousel-shortcode.carousel-shortcode-id-429dfa3b7f4223e4c8aee6b59560b5c9 .owl-nav a.owl-prev {\n    transform: translateY(-50%);\n    margin-top: 0px;\n  }\n}\n.carousel-shortcode.carousel-shortcode-id-429dfa3b7f4223e4c8aee6b59560b5c9 .owl-nav a.owl-prev i {\n  padding: 0px 0px 0px 0px;\n}\n.carousel-shortcode.carousel-shortcode-id-429dfa3b7f4223e4c8aee6b59560b5c9 .owl-nav a.owl-next {\n  top: 50%;\n  transform: translateY(calc(-50% + 0px));\n  right: -43px;\n}\n@media all and (-ms-high-contrast: none) {\n  .carousel-shortcode.carousel-shortcode-id-429dfa3b7f4223e4c8aee6b59560b5c9 .owl-nav a.owl-next {\n    transform: translateY(-50%);\n    margin-top: 0px;\n  }\n}\n.carousel-shortcode.carousel-shortcode-id-429dfa3b7f4223e4c8aee6b59560b5c9 .owl-nav a.owl-next i {\n  padding: 0px 0px 0px 0px;\n}\n.carousel-shortcode.carousel-shortcode-id-429dfa3b7f4223e4c8aee6b59560b5c9 .owl-nav i {\n  font-size: 18px;\n}\n.carousel-shortcode.carousel-shortcode-id-429dfa3b7f4223e4c8aee6b59560b5c9 .owl-nav a:not(:hover) i,\n.carousel-shortcode.carousel-shortcode-id-429dfa3b7f4223e4c8aee6b59560b5c9 .owl-nav a:not(:hover) i:before {\n  color: #ffffff;\n  background: none;\n}\n.carousel-shortcode.carousel-shortcode-id-429dfa3b7f4223e4c8aee6b59560b5c9 .owl-nav a:hover i,\n.carousel-shortcode.carousel-shortcode-id-429dfa3b7f4223e4c8aee6b59560b5c9 .owl-nav a:hover i:before {\n  color: rgba(255,255,255,0.75);\n  background: none;\n}\n.carousel-shortcode.carousel-shortcode-id-429dfa3b7f4223e4c8aee6b59560b5c9 .owl-dots {\n  top: calc(100% + 20px);\n  left: 50%;\n  transform: translateX(calc(-50% + 0px));\n}\n@media all and (-ms-high-contrast: none) {\n  .carousel-shortcode.carousel-shortcode-id-429dfa3b7f4223e4c8aee6b59560b5c9 .owl-dots {\n    transform: translateX(-50%);\n    margin-left: 0px;\n  }\n}\n.carousel-shortcode.carousel-shortcode-id-429dfa3b7f4223e4c8aee6b59560b5c9 .owl-dot {\n  width: 10px;\n  height: 10px;\n  margin: 0 8px;\n}\n@media screen and (max-width: 778px) {\n  .carousel-shortcode.carousel-shortcode-id-429dfa3b7f4223e4c8aee6b59560b5c9.hide-arrows .owl-nav a {\n    display: none;\n  }\n}\n@media screen and (max-width: 778px) {\n  .carousel-shortcode.carousel-shortcode-id-429dfa3b7f4223e4c8aee6b59560b5c9.reposition-arrows .owl-nav .owl-prev {\n    top: 50%;\n    transform: translateY(calc(-50% + 0px));\n    left: 10px;\n  }\n  .carousel-shortcode.carousel-shortcode-id-429dfa3b7f4223e4c8aee6b59560b5c9.reposition-arrows .owl-nav .owl-next {\n    top: 50%;\n    transform: translateY(calc(-50% + 0px));\n    right: 10px;\n  }\n}\n@media screen and (max-width: 778px) and all and (-ms-high-contrast: none) {\n  .carousel-shortcode.carousel-shortcode-id-429dfa3b7f4223e4c8aee6b59560b5c9.reposition-arrows .owl-nav .owl-prev {\n    transform: translateY(-50%);\n    margin-top: 0px;\n  }\n}\n@media screen and (max-width: 778px) and all and (-ms-high-contrast: none) {\n  .carousel-shortcode.carousel-shortcode-id-429dfa3b7f4223e4c8aee6b59560b5c9.reposition-arrows .owl-nav .owl-next {\n    transform: translateY(-50%);\n    margin-top: 0px;\n  }\n}\n<\/style><div class=\"owl-carousel carousel-shortcode dt-owl-carousel-call carousel-shortcode-id-429dfa3b7f4223e4c8aee6b59560b5c9 bullets-small-dot-stroke reposition-arrows arrows-bg-on dt-arrow-border-on dt-arrow-hover-border-on disable-arrows-hover-bg arrows-hover-bg-on  \" data-scroll-mode=\"1\" data-col-num=\"6\" data-wide-col-num=\"4\" data-laptop-col=\"6\" data-h-tablet-columns-num=\"6\" data-v-tablet-columns-num=\"4\" data-phone-columns-num=\"1\" data-auto-height=\"true\" data-col-gap=\"0\" data-stage-padding=\"0\" data-speed=\"600\" data-autoplay=\"true\" data-autoplay_speed=\"1500\" data-arrows=\"false\" data-bullet=\"false\" data-next-icon=\"icon-ar-017-r\" data-prev-icon=\"icon-ar-017-l\">[vc_single_image image=&#8221;55&#8243; img_size=&#8221;full&#8221; alignment=&#8221;center&#8221; image_hovers=&#8221;false&#8221;][vc_single_image image=&#8221;56&#8243; img_size=&#8221;full&#8221; alignment=&#8221;center&#8221; image_hovers=&#8221;false&#8221;][vc_single_image image=&#8221;57&#8243; img_size=&#8221;full&#8221; alignment=&#8221;center&#8221; image_hovers=&#8221;false&#8221;][vc_single_image image=&#8221;58&#8243; img_size=&#8221;full&#8221; alignment=&#8221;center&#8221; image_hovers=&#8221;false&#8221;][vc_single_image image=&#8221;60&#8243; img_size=&#8221;full&#8221; alignment=&#8221;center&#8221; image_hovers=&#8221;false&#8221;][vc_single_image image=&#8221;63&#8243; img_size=&#8221;full&#8221; alignment=&#8221;center&#8221; image_hovers=&#8221;false&#8221;][vc_single_image image=&#8221;64&#8243; img_size=&#8221;full&#8221; alignment=&#8221;center&#8221; image_hovers=&#8221;false&#8221;]<\/div>[\/vc_column][\/vc_row]<\/p>\n","protected":false},"excerpt":{"rendered":"<p>[vc_row type=&#8221;vc_default&#8221; full_width=&#8221;stretch_row_content_no_spaces&#8221; css=&#8221;.vc_custom_1544476739181{margin-top: -80px !important;}&#8221;][vc_column width=&#8221;1\/3&#8243;][vc_single_image image=&#8221;483&#8243; img_size=&#8221;full&#8221; alignment=&#8221;center&#8221; onclick=&#8221;link_image&#8221;][\/vc_column][vc_column width=&#8221;1\/3&#8243;][vc_single_image image=&#8221;876&#8243; img_size=&#8221;full&#8221; alignment=&#8221;center&#8221; onclick=&#8221;link_image&#8221;][\/vc_column][vc_column width=&#8221;1\/3&#8243;][vc_single_image image=&#8221;884&#8243; img_size=&#8221;full&#8221; alignment=&#8221;center&#8221; onclick=&#8221;link_image&#8221;][\/vc_column][\/vc_row][vc_row type=&#8221;vc_default&#8221; full_width=&#8221;stretch_row&#8221; parallax=&#8221;content-moving&#8221;][vc_column][vc_column_text] LA UNIVERSAL IMPRESORA Fundada en 1931 nos dedicamos a la fabricaci\u00f3n de: -vasos y platos de papel desechables -empaques flexibles -etiquetas termoencogibles -etiquetas auto-adheribles en papel y pel\u00edcula pl\u00e1stica -papeles antigrasos&hellip;<\/p>\n","protected":false},"author":1,"featured_media":0,"parent":0,"menu_order":0,"comment_status":"closed","ping_status":"closed","template":"","meta":{"ngg_post_thumbnail":0},"_links":{"self":[{"href":"http:\/\/universalimpresora.com.mx\/index.php?rest_route=\/wp\/v2\/pages\/470"}],"collection":[{"href":"http:\/\/universalimpresora.com.mx\/index.php?rest_route=\/wp\/v2\/pages"}],"about":[{"href":"http:\/\/universalimpresora.com.mx\/index.php?rest_route=\/wp\/v2\/types\/page"}],"author":[{"embeddable":true,"href":"http:\/\/universalimpresora.com.mx\/index.php?rest_route=\/wp\/v2\/users\/1"}],"replies":[{"embeddable":true,"href":"http:\/\/universalimpresora.com.mx\/index.php?rest_route=%2Fwp%2Fv2%2Fcomments&post=470"}],"version-history":[{"count":26,"href":"http:\/\/universalimpresora.com.mx\/index.php?rest_route=\/wp\/v2\/pages\/470\/revisions"}],"predecessor-version":[{"id":929,"href":"http:\/\/universalimpresora.com.mx\/index.php?rest_route=\/wp\/v2\/pages\/470\/revisions\/929"}],"wp:attachment":[{"href":"http:\/\/universalimpresora.com.mx\/index.php?rest_route=%2Fwp%2Fv2%2Fmedia&parent=470"}],"curies":[{"name":"wp","href":"https:\/\/api.w.org\/{rel}","templated":true}]}}